{"id":432,"date":"2013-06-24T17:52:09","date_gmt":"2013-06-24T17:52:09","guid":{"rendered":"http:\/\/lagacetanewspaper.com\/beta\/?page_id=432"},"modified":"2026-02-12T19:13:56","modified_gmt":"2026-02-12T19:13:56","slug":"home","status":"publish","type":"page","link":"https:\/\/lagacetanewspaper.com\/devrefresh\/","title":{"rendered":"Home"},"content":{"rendered":"<h2>What You Missed This Week in La Gaceta<\/h2>\n<h5>From <i>As We Heard It<\/i>, by Patrick Manteiga<\/h5>\n<p>\u25ba Move over Mayor Jane Castor, there&#8217;s a new boss in town. Jason Fernandez has been named Ybor City Alcalde.<br \/>\nOne of his first major acts will be an act of defiance as he leads the Ybor Navy in a battle to clear the port for the Gasparilla invasion in January.<br \/>\nFernandez has been at the helm of Bernini restaurant in Ybor City for over 30 years and is a big promoter of Ybor. &#8230; (<strong><a href=\"http:\/\/lagacetanewspaper.com\/subscribe\/\">to read more, buy a paper<\/a><\/strong>)<\/p>\n<p>\u25ba Governor Ronald DeSantis has appointed many jerks to important roles in government. One of the biggest jerks is Florida Commissioner of Education Anastasios Kamoutsas. While this man runs education in Florida, he has never taught children or run a school, university or a school district. His background is as a prosecutor, PBA lawyer and a political hack for Governor DeSantis.<br \/>\nHe was booed by the people he is supposed to lead last week at the Florida School Boards Association Conference in Tampa. He told his audience that they should get used to charter school operators taking over pieces of public school buildings and getting a free ride on the costs. He then threatened that traditional schools could face closures in the future for failing to perform. &#8230; (<strong><a href=\"http:\/\/lagacetanewspaper.com\/subscribe\/\">to read more, buy a paper<\/a><\/strong>)<\/p>\n<p>\u25ba Here&#8217;s the plan \u2013 Mayor Jane Castor is going to sell the Tampa Police headquarters and parking garage Downtown for at least $36 million. The new owner will lease the building back to the City of Tampa to house the police for one year. Then, we have no idea what will happen.<br \/>\nMaybe we will have a new headquarters built somewhere by then. &#8230; Council should let the mayor know that it will not approve the sale of the police headquarters until there is a plan in place.<br \/>\nWhat size building do we need? What is the price to build one? Is there some existing building we could buy? What is the cost to modernize the existing building? Which is the best and most cost-effective path and how will it be paid for? &#8230; (<strong><a href=\"http:\/\/lagacetanewspaper.com\/subscribe\/\">to read more, buy a paper<\/a><\/strong>)<\/p>\n<p>\u25ba School districts around the country have been buying AI weapon detection systems for big bucks that do little to make students safer.<br \/>\nAt Lawton Chiles Middle School, in Oviedo FL, their AI system alerted that a gun was present and the school was locked down. Tuesday, the system thought a clarinet was a rifle because a student was holding it like a rifle. This makes us wonder if the child was holding a rifle like it was a clarinet would the alarm go off?<br \/>\nIt also gave credence to the NRA CEO Wayne LaPierre\u2019s quote \u201cThe only thing that stops a bad guy with a clarinet is a good guy with a gun.\u201d &#8230;(<strong><a href=\"http:\/\/lagacetanewspaper.com\/subscribe\/\">to read more, buy a paper<\/a><\/strong>)<\/p>\n<p>\u25ba Governor Ronald DeSantis has designated that the Council on American-Islamic Relations (CAIR) is a foreign terrorist organization and has directed Florida agencies to undertake all lawful measures to prevent unlawful activities and deny privileges and resources to anyone providing material support.<br \/>\nThe governor has offered no new evidence that the group is a terrorist organization. The Federal Government has offered no report and has not claimed CAIR is a terrorist organization.<br \/>\nEver since CAIR began in 1994 to promote and protect American-Muslim civil rights, it has faced such accusations. We can&#8217;t think of another organization that has faced so much governmental scrutiny and constant investigation and surveillance.<br \/>\nIf DeSantis has evidence, he shouldn&#8217;t issue proclamations, he should show up with arrest warrants.<br \/>\nWe believe he is trying to set the stage to keep school vouchers out of Muslim private schools. &#8230;(<strong><a href=\"http:\/\/lagacetanewspaper.com\/subscribe\/\">to read more, buy a paper<\/a><\/strong>)<\/p>\n<h5>From <i>Chairman of the Bored<\/i>, by <a href=\"https:\/\/twitter.com\/GeneSiudut\" target=\"_blank\" rel=\"noopener noreferrer\">Gene Siudut<\/a><\/h5>\n<p>\u25ba &#8230; I went through with no problem, but as soon as I was on the other side of the metal detector, I was asked to step to the side while a TSA agent bent down and started wiping my shoes with some sort of cloth that can detect explosives or contraband or something to that effect. They didn\u2019t say what they were doing, only that it was random, which I found odd, as I\u2019ve never been through that since I acquired the Global Entry pass.<br \/>\nI was cleared and I saw Tony heading over to the bar area to have one last libation before we got on the plane. I was going to join him, but with my wife and her sister in TSA custody, I figured I better stick by them to see what\u2019s doin\u2019.<br \/>\nIt turned out that Lisa bought a candle at some craft store while we were there and the density of it combined with it being organic material triggered their alarms. After about 10 minutes of conversations with supervisors and finally getting permission to go to the gate, Lisa was given the option of leaving her candle with TSA or trying to get it through by allowing it to be tested, whatever that means. She elected to leave the candle, which set her back $40.<br \/>\nIn the past, I would probably have started complaining about her bringing a candle on board, but like her, I had no idea that candles set off alarms. I also was only vaguely aware that a candle could cost $40. But I kept it all to myself, not knowing what my wife had in her bag. &#8230;(<strong><a href=\"http:\/\/lagacetanewspaper.com\/subscribe\/\">to read more, buy a paper<\/a><\/strong>)<\/p>\n<h5>From <i>O&#8217;Pionions to Go<\/i>, by Joe O&#8217;Neill<\/h5>\n<p>\u25ba <strong>Cog Test:<\/strong> More hand-bruise speculation. More embarrassing, high-profile nodding off. Another \u201caced\u201d cognition test. We\u2019ve seen this presidential pattern; we\u2019ll see it again. And again.<br \/>\nBut we haven\u2019t, until now, actually seen the Trump cognition test. Some likely samples: Solve Hocus-Focus, count backwards from 3, name the day of the week, current century, two SCOTUS justices, three NATO members and the main ingredients of a cheeseburger.<br \/>\nAtorvastatin, Azerbaijan, Acetaminaphen: Which one is a country? What is Stormy Daniels real name? Name two books other than \u201cArt of the Deal\u201d and \u201cMein Kampf,\u201d that you have read. What is Melania\u2019s phone number?<br \/>\n<strong>Party of Lincoln:<\/strong> How can Republicans still maintain that their party is \u201cthe party of Lincoln\u201d? Shouldn\u2019t these Lincoln Day Dinners be realistically renamed? How about the Bull Connor or George Wallace Day Dinners? Stop using Lincoln as a disingenuous, hypocritical model. &#8230;(<strong><a href=\"http:\/\/lagacetanewspaper.com\/subscribe\/\">to read more, buy a paper<\/a><\/strong>)<\/p>\n<h5>From <i>In Context<\/i>, by Doris Weatherford<\/h5>\n<p>\u25ba At the holiday dinner of USF\u2019s Women and Philanthropy, I learned another lesson in the need for teaching modern history, the real history that is important to real people. WLP raises money for scholarships, especially for young women who are the first in their family to go to college. The introductory speaker had been a recipient twenty years ago, when she was a single mother who lacked childcare and had to bring her baby to the interview. Now she has a good job in finance, and she was there to give back.<br \/>\nThe impact of babies on careers was an inevitable topic at my table, and a scholarship recipient whose parents came from Haiti said that there were fourteen children in her family. The faculty member who sat with us came from a similarly sized family, and my mother was the oldest of twelve. We lamented their limited lives, and I said that I think historians in the future will recognize Margaret Sanger as the most important person of the last century. I was saddened when even the professor in the College of Public Health acknowledged that she did not recognize the name. &#8230;(<strong><a href=\"http:\/\/lagacetanewspaper.com\/subscribe\/\">to read more, buy a paper<\/a><\/strong>)<\/p>\n<h5>From <em>Silhouettes<\/em>, an interview with Jovan McNeill, by Tiffany Razzano<\/h5>\n<p>\u25ba Tampa native Jovan McNeill grew up on North Boulevard and Columbus Drive, attending B.C. Graham Elementary School, Stewart Middle Magnet School and Hillsborough High School.<br \/>\nHe was raised by a single mother who had him when she was 16 years old. \u201cComing up as a kid, we didn\u2019t have as much for ourselves,\u201d he said, adding, \u201cWe moved six times by the time I was 18 years old. We didn\u2019t have a house. I grew up in apartments and studios.\u201d<br \/>\nStill, his mother tried to give back to others whenever possible and did as much as she could for her son.<br \/>\nShe introduced McNeill to the love of the outdoors, often taking her son fishing. \u201cAs a single parent in the inner city, she didn\u2019t know hunting as much. She didn\u2019t know canoeing or kayaking. So, we fished,\u201d he said. &#8230;(<strong><a href=\"http:\/\/lagacetanewspaper.com\/subscribe\/\">to read more, buy a paper<\/a><\/strong>)<\/p>\n<h5>From <i>L\u00edneas de la memoria<\/i>, por Gabriel Cartaya<\/h5>\n<p>\u25ba Ybor City llega a sus 140 a\u00f1os con orgullo de su pasado, animado con el presente y esperanzado con el proyecto que aspira a recuperar su esplendor. Ese h\u00e1lito se explica en una hermosa historia que arranca de su origen en 1885, cuando una superficie inh\u00f3spita se convirtiera en capital del tabaco torcido a mano. Desde entonces, evoluciona entre dif\u00edciles vaivenes que elevan, estancan o incluso hacen retroceder su desarrollo hasta una actualidad donde se aprecia el repunte de su aquel florecimiento.<br \/>\nPara rendir homenaje a este nuevo aniversario, las cinco instituciones m\u00e1s representativas de su historia han tenido la feliz decisi\u00f3n de juntarse en una gala conmemorativa a la que han nombrado Piquiniqu\u00ed, palabra inusual que, si bien remite a la voz gala picnic, estuvo arraigada en la cultura asturiana que, con muchos miembros, estuvo \u2013est\u00e1\u2013 presente en este lugar. Qui\u00e9n sabe si el bautizo, en el inconsciente colectivo, nos remite a la asonancia de ese quiquiriqu\u00ed con que cada ma\u00f1ana los gallos de Ybor City anuncian el amanecer. De todos modos, se explica en una m\u00e1s plausible raz\u00f3n: el Centro Asturiano es el anfitri\u00f3n de este tributo que comparte con el Centro Espa\u00f1ol, el C\u00edrculo Cubano, la Uni\u00f3n Mart\u00ed-Maceo y la Uni\u00f3n Italiana.<br \/>\nHay que aplaudir a los cinco centros que representan la invitaci\u00f3n. Cada uno de ellos expresa la presencia de su cultura originaria en el nacimiento y desarrollo de Ybor City. El Asturiano, por la enorme presencia de hombres y mujeres que vinieron de esa regi\u00f3n ib\u00e9rica y aqu\u00ed contribuyeron no solo al desarrollo de la ciudad, sino tambi\u00e9n a que hoy convivamos con su descendencia, con apellidos como Cuesta, Carre\u00f1o, Men\u00e9ndez, Piniella, Salcines. Si bien el primer Centro Asturiano de Tampa, creado en 1902, es una prolongaci\u00f3n del de La Habana con su mismo car\u00e1cter mutualista y extendido a cl\u00ednica-sanatorio y cementerio propio, pronto se independiza y crea su propia identidad tampe\u00f1o-asturiana. El edificio, construido en 1914, es una joya de la arquitectura de la ciudad y sigue siendo un centro de actividades culturales, p\u00fablicas y privadas, aun cuando la evoluci\u00f3n hist\u00f3rica le hiciera modificar los fines para los que fue creado. Para los asturianos, habitantes de Tampa o visitantes, es siempre una referencia de su paso por la ciudad. &#8230; (<strong><a href=\"http:\/\/lagacetanewspaper.com\/subscribe\/\">to read more, buy a paper<\/a><\/strong>)<\/p>\n<h5>From <i>Briznas culturales<\/i>, por Leonardo Venta<\/h5>\n<p>\u25ba Al franc\u00e9s Marius Petipa, que lleg\u00f3 a ser director de coreograf\u00eda del Ballet Imperial Ruso en el siglo XIX, le debemos el perfeccionamiento del modelo de ballet con argumento largo y completo que ha sobrevivido hasta nuestros d\u00edas. La bella durmiente, El lago de los cisnes y El cascanueces, coreograf\u00edas suyas, son magn\u00edficos arquetipos de estos tipos de producciones.<br \/>\nEl cascanueces fue creado en 1892 bajo el minucioso cuidado de Petipa. Sin embargo, al enfermarse, su asistente ruso Lev Ivanov complet\u00f3 la puesta en escena. El libreto fue escrito por Ivan \u00acVsevolozhsky y el propio Petipa, bas\u00e1ndose en la adaptaci\u00f3n de Alexandre Dumas (padre) del cuento \u201cEl cascanueces y el rey de los ratones\u201d de Ernst Theodor Amadeus Hoffmann.<br \/>\nEsta ic\u00f3nica pieza de la danza recrea la historia de Clara, una ni\u00f1a que recibe como regalo de Nochebuena un cascanueces, juguete maravilloso que la transportar\u00e1 por quim\u00e9ricos lugares poblados por principescos moradores, as\u00ed como devela la magia de soldados de juguete que cobran vida para enfrentar batallas contra jocosos siniestros ratones &#8230;(<strong>&lt;ahref=&#8221;http:\/\/lagacetanewspaper.com\/subscribe\/&#8221;&gt;to read more, buy a paper<\/strong>)<\/p>\n<h2 style=\"font-size: 22px;\">To catch up with what\u2019s happening in La Gaceta, pick up a paper at one of our <a style=\"font-size: 22px;\" title=\"Subscribe\" href=\"http:\/\/lagacetanewspaper.com\/subscribe\/\">distribution points<\/a> or subscribe by calling 248-3921.<\/h2>\n","protected":false},"excerpt":{"rendered":"<p>What You Missed This Week in La Gaceta From As We Heard It, by Patrick Manteiga \u25ba Move over Mayor Jane Castor, there&#8217;s a new boss in town. Jason Fernandez has been named Ybor City Alcalde. One of his first major acts will be an act of defiance as he leads the Ybor Navy in [&hellip;]<\/p>\n","protected":false},"author":1,"featured_media":0,"parent":0,"menu_order":0,"comment_status":"closed","ping_status":"closed","template":"","meta":{"_et_pb_use_builder":"","_et_pb_old_content":"","_et_gb_content_width":"1080","_exactmetrics_skip_tracking":false,"_exactmetrics_sitenote_active":false,"_exactmetrics_sitenote_note":"","_exactmetrics_sitenote_category":0,"footnotes":""},"class_list":["post-432","page","type-page","status-publish","hentry"],"_links":{"self":[{"href":"https:\/\/lagacetanewspaper.com\/devrefresh\/wp-json\/wp\/v2\/pages\/432","targetHints":{"allow":["GET"]}}],"collection":[{"href":"https:\/\/lagacetanewspaper.com\/devrefresh\/wp-json\/wp\/v2\/pages"}],"about":[{"href":"https:\/\/lagacetanewspaper.com\/devrefresh\/wp-json\/wp\/v2\/types\/page"}],"author":[{"embeddable":true,"href":"https:\/\/lagacetanewspaper.com\/devrefresh\/wp-json\/wp\/v2\/users\/1"}],"replies":[{"embeddable":true,"href":"https:\/\/lagacetanewspaper.com\/devrefresh\/wp-json\/wp\/v2\/comments?post=432"}],"version-history":[{"count":707,"href":"https:\/\/lagacetanewspaper.com\/devrefresh\/wp-json\/wp\/v2\/pages\/432\/revisions"}],"predecessor-version":[{"id":32987,"href":"https:\/\/lagacetanewspaper.com\/devrefresh\/wp-json\/wp\/v2\/pages\/432\/revisions\/32987"}],"wp:attachment":[{"href":"https:\/\/lagacetanewspaper.com\/devrefresh\/wp-json\/wp\/v2\/media?parent=432"}],"curies":[{"name":"wp","href":"https:\/\/api.w.org\/{rel}","templated":true}]}}